{"id":10,"date":"2021-02-12T17:48:55","date_gmt":"2021-02-12T17:48:55","guid":{"rendered":"https:\/\/rethinkmaterials.org\/?page_id=10"},"modified":"2021-08-25T18:35:59","modified_gmt":"2021-08-25T17:35:59","slug":"impressum","status":"publish","type":"page","link":"https:\/\/rethinkmaterials.org\/de\/impressum\/","title":{"rendered":"Impressum"},"content":{"rendered":"\t\t<div data-elementor-type=\"wp-page\" data-elementor-id=\"10\" class=\"elementor elementor-10\">\n\t\t\t\t\t\t\t\t\t<section class=\"elementor-section elementor-top-section elementor-element elementor-element-9cc4265 elementor-section-boxed elementor-section-height-default elementor-section-height-default\" data-id=\"9cc4265\" data-element_type=\"section\">\n\t\t\t\t\t\t<div class=\"elementor-container elementor-column-gap-default\">\n\t\t\t\t\t\t\t\t<\/div>\n\t\t<\/section>\n\t\t\t\t<section class=\"elementor-section elementor-top-section elementor-element elementor-element-c69174b elementor-section-boxed elementor-section-height-default elementor-section-height-default\" data-id=\"c69174b\" data-element_type=\"section\">\n\t\t\t\t\t\t<div class=\"elementor-container elementor-column-gap-default\">\n\t\t\t\t\t<div class=\"elementor-column elementor-col-50 elementor-top-column elementor-element elementor-element-747201f\" data-id=\"747201f\" data-element_type=\"column\">\n\t\t\t<div class=\"elementor-widget-wrap elementor-element-populated\">\n\t\t\t\t\t\t\t\t<div class=\"elementor-element elementor-element-4c81801 elementor-widget elementor-widget-image\" data-id=\"4c81801\" data-element_type=\"widget\" data-widget_type=\"image.default\">\n\t\t\t\t<div class=\"elementor-widget-container\">\n\t\t\t\t\t\t\t\t\t\t\t\t\t\t\t<img width=\"683\" height=\"1024\" src=\"https:\/\/rethinkmaterials.org\/wp-content\/uploads\/2021\/03\/Schaffhausen_SC-93-683x1024.jpg\" class=\"attachment-large size-large wp-image-1145\" alt=\"\" loading=\"lazy\" srcset=\"https:\/\/rethinkmaterials.org\/wp-content\/uploads\/2021\/03\/Schaffhausen_SC-93-683x1024.jpg 683w, https:\/\/rethinkmaterials.org\/wp-content\/uploads\/2021\/03\/Schaffhausen_SC-93-200x300.jpg 200w, https:\/\/rethinkmaterials.org\/wp-content\/uploads\/2021\/03\/Schaffhausen_SC-93-768x1152.jpg 768w, https:\/\/rethinkmaterials.org\/wp-content\/uploads\/2021\/03\/Schaffhausen_SC-93-1024x1536.jpg 1024w, https:\/\/rethinkmaterials.org\/wp-content\/uploads\/2021\/03\/Schaffhausen_SC-93-1365x2048.jpg 1365w, https:\/\/rethinkmaterials.org\/wp-content\/uploads\/2021\/03\/Schaffhausen_SC-93-8x12.jpg 8w, https:\/\/rethinkmaterials.org\/wp-content\/uploads\/2021\/03\/Schaffhausen_SC-93-scaled.jpg 1707w\" sizes=\"(max-width: 683px) 100vw, 683px\" \/>\t\t\t\t\t\t\t\t\t\t\t\t\t\t\t<\/div>\n\t\t\t\t<\/div>\n\t\t\t\t\t<\/div>\n\t\t<\/div>\n\t\t\t\t<div class=\"elementor-column elementor-col-25 elementor-top-column elementor-element elementor-element-10a022d\" data-id=\"10a022d\" data-element_type=\"column\">\n\t\t\t<div class=\"elementor-widget-wrap\">\n\t\t\t\t\t\t\t\t\t<\/div>\n\t\t<\/div>\n\t\t\t\t<div class=\"elementor-column elementor-col-25 elementor-top-column elementor-element elementor-element-8e12d9d\" data-id=\"8e12d9d\" data-element_type=\"column\">\n\t\t\t<div class=\"elementor-widget-wrap elementor-element-populated\">\n\t\t\t\t\t\t\t\t<div class=\"elementor-element elementor-element-6884442 elementor-widget elementor-widget-heading\" data-id=\"6884442\" data-element_type=\"widget\" data-widget_type=\"heading.default\">\n\t\t\t\t<div class=\"elementor-widget-container\">\n\t\t\t<h1 class=\"elementor-heading-title elementor-size-default\">Impressum<\/h1>\t\t<\/div>\n\t\t\t\t<\/div>\n\t\t\t\t<div class=\"elementor-element elementor-element-269d9fe elementor-widget elementor-widget-text-editor\" data-id=\"269d9fe\" data-element_type=\"widget\" data-widget_type=\"text-editor.default\">\n\t\t\t\t<div class=\"elementor-widget-container\">\n\t\t\t\t\t\t\t<p>Das Rethink Materials Kollektiv ist seit Mai 2021 ein Verein mit Sitz in Z\u00fcrich.<\/p><div><h3>E-Mail<\/h3><p><a href=\"mailto:kollektiv@rethinkmaterials.org\">kollektiv@rethinkmaterials.org<\/a><\/p><h3>\u00a0<\/h3><h3>Betreiberin der Website<\/h3><h2><a href=\"https:\/\/rethinkmaterials.org\/kollektiv\/\">Rethink Materials Kollektiv<\/a><\/h2><p>Erstellung der Webseite durch<\/p><p>Charlotte Bofinger<br \/>c.bofinger@rethinkmaterials.org<\/p><p>unter Mitwirkung weiter Kollektivmitglieder.<\/p><h3>\u00a0<\/h3><h3>Angeh\u00f6rige des Kollektivs<\/h3><p>in zuf\u00e4lliger Reihenfolge<\/p><p>Carolin Sieger I Leonor Lay I Joost Verstraete I Patricia Bascones I Simon Fl\u00fcckiger I Juan David Orjuela I Corinne Lopez I Katharina Riedl I Charlotte Bofinger I Simon Hess I Tyrone Coletta I Rafa Sala Bufill I Sophie Claude I Marie Pascale Wellinger I Sara Teodori I Emmanuel Durand I Alia Bengana<\/p><\/div><h3>\u00a0<\/h3><h3>F\u00f6rderung<\/h3><p>Das Projekt ,es ist alles da!&#8216; wird unterst\u00fctzt von der <a href=\"https:\/\/prohelvetia.ch\/de\/press-release\/architecture-matters\/\">Stiftung Pro Helvetia<\/a>. Das Projekt wurde im Rahmen der ausserordentlichen Ausschreibung \u00abArchitecture Matters\u00bb von Corinne Lopez im Namen des Rethink Materials Kollektiv eingereicht.<\/p><h3>Haftungsausschluss<\/h3><p>Wir sind bem\u00fcht, f\u00fcr die Richtigkeit und Aktualit\u00e4t der Informationen auf dieser Website Sorge zu tragen. Wir schlie\u00dfen jedoch jede Haftung f\u00fcr die Richtigkeit und Aktualit\u00e4t aus. Die Informationen k\u00f6nnen von uns jederzeit und ohne Vorank\u00fcndigung ge\u00e4ndert werden.<\/p><h3>Haftung f\u00fcr Links<\/h3><p>Wir haften in keiner Weise f\u00fcr den Inhalt und die Verf\u00fcgbarkeit von verlinkten Websites.<\/p>\t\t\t\t\t\t<\/div>\n\t\t\t\t<\/div>\n\t\t\t\t\t<\/div>\n\t\t<\/div>\n\t\t\t\t\t\t\t<\/div>\n\t\t<\/section>\n\t\t\t\t\t\t\t<\/div>\n\t\t","protected":false},"excerpt":{"rendered":"<p>Impressum Das Rethink Materials Kollektiv ist seit Mai 2021 ein Verein mit Sitz in Z\u00fcrich. E-Mail kollektiv@rethinkmaterials.org \u00a0 Betreiberin der Website Rethink Materials Kollektiv Erstellung der Webseite durch Charlotte Bofingerc.bofinger@rethinkmaterials.org [&hellip;]<\/p>\n","protected":false},"author":1,"featured_media":0,"parent":0,"menu_order":0,"comment_status":"closed","ping_status":"closed","template":"","meta":[],"_links":{"self":[{"href":"https:\/\/rethinkmaterials.org\/de\/wp-json\/wp\/v2\/pages\/10"}],"collection":[{"href":"https:\/\/rethinkmaterials.org\/de\/wp-json\/wp\/v2\/pages"}],"about":[{"href":"https:\/\/rethinkmaterials.org\/de\/wp-json\/wp\/v2\/types\/page"}],"author":[{"embeddable":true,"href":"https:\/\/rethinkmaterials.org\/de\/wp-json\/wp\/v2\/users\/1"}],"replies":[{"embeddable":true,"href":"https:\/\/rethinkmaterials.org\/de\/wp-json\/wp\/v2\/comments?post=10"}],"version-history":[{"count":58,"href":"https:\/\/rethinkmaterials.org\/de\/wp-json\/wp\/v2\/pages\/10\/revisions"}],"predecessor-version":[{"id":1708,"href":"https:\/\/rethinkmaterials.org\/de\/wp-json\/wp\/v2\/pages\/10\/revisions\/1708"}],"wp:attachment":[{"href":"https:\/\/rethinkmaterials.org\/de\/wp-json\/wp\/v2\/media?parent=10"}],"curies":[{"name":"wp","href":"https:\/\/api.w.org\/{rel}","templated":true}]}}