{"id":12,"date":"2021-02-12T17:50:08","date_gmt":"2021-02-12T17:50:08","guid":{"rendered":"https:\/\/rethinkmaterials.org\/?page_id=12"},"modified":"2022-03-12T17:58:49","modified_gmt":"2022-03-12T16:58:49","slug":"es-ist-alles-da","status":"publish","type":"page","link":"https:\/\/rethinkmaterials.org\/de\/","title":{"rendered":"Es ist alles da!"},"content":{"rendered":"\t\t<div data-elementor-type=\"wp-page\" data-elementor-id=\"12\" class=\"elementor elementor-12\">\n\t\t\t\t\t\t\t\t\t<section class=\"elementor-section elementor-top-section elementor-element elementor-element-b2a03b8 elementor-section-boxed elementor-section-height-default elementor-section-height-default\" data-id=\"b2a03b8\" data-element_type=\"section\">\n\t\t\t\t\t\t<div class=\"elementor-container elementor-column-gap-default\">\n\t\t\t\t\t<div class=\"elementor-column elementor-col-100 elementor-top-column elementor-element elementor-element-d65ae76\" data-id=\"d65ae76\" data-element_type=\"column\">\n\t\t\t<div class=\"elementor-widget-wrap elementor-element-populated\">\n\t\t\t\t\t\t\t\t<section class=\"elementor-section elementor-inner-section elementor-element elementor-element-193266d elementor-section-boxed elementor-section-height-default elementor-section-height-default\" data-id=\"193266d\" data-element_type=\"section\">\n\t\t\t\t\t\t<div class=\"elementor-container elementor-column-gap-default\">\n\t\t\t\t\t<div class=\"elementor-column elementor-col-50 elementor-inner-column elementor-element elementor-element-d60d579\" data-id=\"d60d579\" data-element_type=\"column\">\n\t\t\t<div class=\"elementor-widget-wrap elementor-element-populated\">\n\t\t\t\t\t\t\t\t<div class=\"elementor-element elementor-element-4991cbd elementor-widget elementor-widget-heading\" data-id=\"4991cbd\" data-element_type=\"widget\" data-widget_type=\"heading.default\">\n\t\t\t\t<div class=\"elementor-widget-container\">\n\t\t\t<h1 class=\"elementor-heading-title elementor-size-xxl\">Es ist alles da!<\/h1>\t\t<\/div>\n\t\t\t\t<\/div>\n\t\t\t\t<div class=\"elementor-element elementor-element-e719046 elementor-widget elementor-widget-heading\" data-id=\"e719046\" data-element_type=\"widget\" data-widget_type=\"heading.default\">\n\t\t\t\t<div class=\"elementor-widget-container\">\n\t\t\t<h2 class=\"elementor-heading-title elementor-size-default\">Interaktives Vermittlungskonzept f\u00fcr das Potential und die Bedeutung der Wiederverwendung von Bauteilen.<\/h2>\t\t<\/div>\n\t\t\t\t<\/div>\n\t\t\t\t\t<\/div>\n\t\t<\/div>\n\t\t\t\t<div class=\"elementor-column elementor-col-50 elementor-inner-column elementor-element elementor-element-44596e9\" data-id=\"44596e9\" data-element_type=\"column\">\n\t\t\t<div class=\"elementor-widget-wrap elementor-element-populated\">\n\t\t\t\t\t\t\t\t<div class=\"elementor-element elementor-element-ccdb7d8 elementor-widget elementor-widget-heading\" data-id=\"ccdb7d8\" data-element_type=\"widget\" data-widget_type=\"heading.default\">\n\t\t\t\t<div class=\"elementor-widget-container\">\n\t\t\t<h1 class=\"elementor-heading-title elementor-size-xxl\">2022 in der <br>schweiz!<\/h1>\t\t<\/div>\n\t\t\t\t<\/div>\n\t\t\t\t\t<\/div>\n\t\t<\/div>\n\t\t\t\t\t\t\t<\/div>\n\t\t<\/section>\n\t\t\t\t<section class=\"elementor-section elementor-inner-section elementor-element elementor-element-8530ac9 elementor-section-boxed elementor-section-height-default elementor-section-height-default\" data-id=\"8530ac9\" data-element_type=\"section\">\n\t\t\t\t\t\t<div class=\"elementor-container elementor-column-gap-default\">\n\t\t\t\t\t<div class=\"elementor-column elementor-col-50 elementor-inner-column elementor-element elementor-element-2552d2e\" data-id=\"2552d2e\" data-element_type=\"column\">\n\t\t\t<div class=\"elementor-widget-wrap elementor-element-populated\">\n\t\t\t\t\t\t\t\t<div class=\"elementor-element elementor-element-7de99fa elementor-widget elementor-widget-text-editor\" data-id=\"7de99fa\" data-element_type=\"widget\" data-widget_type=\"text-editor.default\">\n\t\t\t\t<div class=\"elementor-widget-container\">\n\t\t\t\t\t\t\t<p>Mithilfe eines interaktiven Vermittlungskonzepts soll das Interesse f\u00fcr die Wiederverwendung von Bauteilen in der Schweiz gef\u00f6rdert werden und dabei das Potenzial der Wiederverwendung sowohl der \u00d6ffentlichkeit als auch unserem eigenen beruflichen Umfeld zug\u00e4nglich gemacht werden. Damit wollen wir unseren Beitrag zum Zukunftsszenario einer marktf\u00e4higen Wiederverwendung von Bauteilen leisten. Bei Interesse an unserem Vermittlungskonzept, insbesondere an der Workshopreihe,\u00a0 freuen wir uns \u00fcber eine <a href=\"mailto:kollektiv@rethinkmaterials.org\">E-Mail<\/a>.<\/p>\t\t\t\t\t\t<\/div>\n\t\t\t\t<\/div>\n\t\t\t\t\t<\/div>\n\t\t<\/div>\n\t\t\t\t<div class=\"elementor-column elementor-col-50 elementor-inner-column elementor-element elementor-element-59dc673\" data-id=\"59dc673\" data-element_type=\"column\">\n\t\t\t<div class=\"elementor-widget-wrap elementor-element-populated\">\n\t\t\t\t\t\t\t\t<div class=\"elementor-element elementor-element-26087f0 elementor-widget elementor-widget-text-editor\" data-id=\"26087f0\" data-element_type=\"widget\" data-widget_type=\"text-editor.default\">\n\t\t\t\t<div class=\"elementor-widget-container\">\n\t\t\t\t\t\t\t<p style=\"text-align: center;\">Infos zu <br \/><strong>\u00f6ffentlichen Aktionen und Workshops<\/strong> <br \/>werden auf der Webseite, auf Instagram und LinkedIn bekanntgegeben.<\/p>\t\t\t\t\t\t<\/div>\n\t\t\t\t<\/div>\n\t\t\t\t\t<\/div>\n\t\t<\/div>\n\t\t\t\t\t\t\t<\/div>\n\t\t<\/section>\n\t\t\t\t<div class=\"elementor-element elementor-element-cd853a9 elementor-widget elementor-widget-spacer\" data-id=\"cd853a9\" data-element_type=\"widget\" data-widget_type=\"spacer.default\">\n\t\t\t\t<div class=\"elementor-widget-container\">\n\t\t\t\t\t<div class=\"elementor-spacer\">\n\t\t\t<div class=\"elementor-spacer-inner\"><\/div>\n\t\t<\/div>\n\t\t\t\t<\/div>\n\t\t\t\t<\/div>\n\t\t\t\t<section class=\"elementor-section elementor-inner-section elementor-element elementor-element-e27520a elementor-section-boxed elementor-section-height-default elementor-section-height-default\" data-id=\"e27520a\" data-element_type=\"section\">\n\t\t\t\t\t\t<div class=\"elementor-container elementor-column-gap-default\">\n\t\t\t\t\t<div class=\"elementor-column elementor-col-100 elementor-inner-column elementor-element elementor-element-5837c59\" data-id=\"5837c59\" data-element_type=\"column\">\n\t\t\t<div class=\"elementor-widget-wrap elementor-element-populated\">\n\t\t\t\t\t\t\t\t<div class=\"elementor-element elementor-element-6ac4d0b elementor-widget elementor-widget-heading\" data-id=\"6ac4d0b\" data-element_type=\"widget\" data-widget_type=\"heading.default\">\n\t\t\t\t<div class=\"elementor-widget-container\">\n\t\t\t<h2 class=\"elementor-heading-title elementor-size-default\">Erfahre mehr \u00fcber das Projekt!<\/h2>\t\t<\/div>\n\t\t\t\t<\/div>\n\t\t\t\t<div class=\"elementor-element elementor-element-f2dc0ab animated-slow elementor-grid-3 elementor-grid-tablet-2 elementor-grid-mobile-1 elementor-posts--thumbnail-top elementor-widget elementor-widget-posts\" data-id=\"f2dc0ab\" data-element_type=\"widget\" data-settings=\"{&quot;_animation&quot;:&quot;none&quot;,&quot;classic_columns&quot;:&quot;3&quot;,&quot;classic_columns_tablet&quot;:&quot;2&quot;,&quot;classic_columns_mobile&quot;:&quot;1&quot;,&quot;classic_row_gap&quot;:{&quot;unit&quot;:&quot;px&quot;,&quot;size&quot;:35,&quot;sizes&quot;:[]}}\" data-widget_type=\"posts.classic\">\n\t\t\t\t<div class=\"elementor-widget-container\">\n\t\t\t\t\t<div class=\"elementor-posts-container elementor-posts elementor-posts--skin-classic elementor-grid\">\n\t\t\t\t<article class=\"elementor-post elementor-grid-item post-1741 post type-post status-publish format-standard has-post-thumbnail hentry category-es-ist-alles-da\">\n\t\t\t\t<a class=\"elementor-post__thumbnail__link\" href=\"https:\/\/rethinkmaterials.org\/de\/atelier-a-venir-dans-le-canton-de-fribourg\/\" >\n\t\t\t<div class=\"elementor-post__thumbnail\"><img width=\"300\" height=\"206\" src=\"https:\/\/rethinkmaterials.org\/wp-content\/uploads\/2022\/06\/Toutestla-300x206.png\" class=\"attachment-medium size-medium wp-image-1748\" alt=\"\" loading=\"lazy\" srcset=\"https:\/\/rethinkmaterials.org\/wp-content\/uploads\/2022\/06\/Toutestla-300x206.png 300w, https:\/\/rethinkmaterials.org\/wp-content\/uploads\/2022\/06\/Toutestla-1024x703.png 1024w, https:\/\/rethinkmaterials.org\/wp-content\/uploads\/2022\/06\/Toutestla-768x528.png 768w, https:\/\/rethinkmaterials.org\/wp-content\/uploads\/2022\/06\/Toutestla-16x12.png 16w, https:\/\/rethinkmaterials.org\/wp-content\/uploads\/2022\/06\/Toutestla.png 1233w\" sizes=\"(max-width: 300px) 100vw, 300px\" \/><\/div>\n\t\t<\/a>\n\t\t\t\t<div class=\"elementor-post__text\">\n\t\t\t\t<h3 class=\"elementor-post__title\">\n\t\t\t<a href=\"https:\/\/rethinkmaterials.org\/de\/atelier-a-venir-dans-le-canton-de-fribourg\/\" >\n\t\t\t\tAtelier \u00e0 venir dans le canton de Fribourg\t\t\t<\/a>\n\t\t<\/h3>\n\t\t\t\t<div class=\"elementor-post__excerpt\">\n\t\t\t<p>Tout est la! r\u00e9utilisation de mat\u00e9riaux de construction viversstrasse 32, kleingurmels \/ freiburg 09:00 &#8211; 18:00 \/\u00a0suivi d&#8217;un ap\u00e9ritif Vendredi 1er juillet 2022 langue de l&#8217;atelier : fran\u00e7ais Inscription par<\/p>\n\t\t<\/div>\n\t\t\t\t\t<a class=\"elementor-post__read-more\" href=\"https:\/\/rethinkmaterials.org\/de\/atelier-a-venir-dans-le-canton-de-fribourg\/\" >\n\t\t\t\t>>\t\t\t<\/a>\n\t\t\t\t<\/div>\n\t\t\t\t<\/article>\n\t\t\t\t<article class=\"elementor-post elementor-grid-item post-1729 post type-post status-publish format-standard has-post-thumbnail hentry category-es-ist-alles-da\">\n\t\t\t\t<a class=\"elementor-post__thumbnail__link\" href=\"https:\/\/rethinkmaterials.org\/de\/zugast-beim-ethz-reuse-studio-von-barbara-buser\/\" >\n\t\t\t<div class=\"elementor-post__thumbnail\"><img width=\"300\" height=\"225\" src=\"https:\/\/rethinkmaterials.org\/wp-content\/uploads\/2022\/03\/IMG_20220301_141051-300x225.jpg\" class=\"attachment-medium size-medium wp-image-1731\" alt=\"\" loading=\"lazy\" srcset=\"https:\/\/rethinkmaterials.org\/wp-content\/uploads\/2022\/03\/IMG_20220301_141051-300x225.jpg 300w, https:\/\/rethinkmaterials.org\/wp-content\/uploads\/2022\/03\/IMG_20220301_141051-1024x768.jpg 1024w, https:\/\/rethinkmaterials.org\/wp-content\/uploads\/2022\/03\/IMG_20220301_141051-768x576.jpg 768w, https:\/\/rethinkmaterials.org\/wp-content\/uploads\/2022\/03\/IMG_20220301_141051-1536x1152.jpg 1536w, https:\/\/rethinkmaterials.org\/wp-content\/uploads\/2022\/03\/IMG_20220301_141051-2048x1536.jpg 2048w, https:\/\/rethinkmaterials.org\/wp-content\/uploads\/2022\/03\/IMG_20220301_141051-16x12.jpg 16w\" sizes=\"(max-width: 300px) 100vw, 300px\" \/><\/div>\n\t\t<\/a>\n\t\t\t\t<div class=\"elementor-post__text\">\n\t\t\t\t<h3 class=\"elementor-post__title\">\n\t\t\t<a href=\"https:\/\/rethinkmaterials.org\/de\/zugast-beim-ethz-reuse-studio-von-barbara-buser\/\" >\n\t\t\t\tZugast beim ETHZ ReUse Studio von Barbara Buser\t\t\t<\/a>\n\t\t<\/h3>\n\t\t\t\t<div class=\"elementor-post__excerpt\">\n\t\t\t<p>Das Rethink Materials Kollektiv wurde eingeladen, im Rahmen der Gastprofessur von Barbara Buser an der ETH einen Vortrag \u00fcber die Inventarisierung als Grundlage f\u00fcr erfolgreiches zirkul\u00e4res Bauen zu halten. Dabei<\/p>\n\t\t<\/div>\n\t\t\t\t\t<a class=\"elementor-post__read-more\" href=\"https:\/\/rethinkmaterials.org\/de\/zugast-beim-ethz-reuse-studio-von-barbara-buser\/\" >\n\t\t\t\t>>\t\t\t<\/a>\n\t\t\t\t<\/div>\n\t\t\t\t<\/article>\n\t\t\t\t<article class=\"elementor-post elementor-grid-item post-1710 post type-post status-publish format-standard has-post-thumbnail hentry category-es-ist-alles-da\">\n\t\t\t\t<a class=\"elementor-post__thumbnail__link\" href=\"https:\/\/rethinkmaterials.org\/de\/eindruecke-vom-workshop-in-zuerich\/\" >\n\t\t\t<div class=\"elementor-post__thumbnail\"><img width=\"300\" height=\"188\" src=\"https:\/\/rethinkmaterials.org\/wp-content\/uploads\/2022\/03\/1-e1647104138691-300x188.png\" class=\"attachment-medium size-medium wp-image-1711\" alt=\"\" loading=\"lazy\" srcset=\"https:\/\/rethinkmaterials.org\/wp-content\/uploads\/2022\/03\/1-e1647104138691-300x188.png 300w, https:\/\/rethinkmaterials.org\/wp-content\/uploads\/2022\/03\/1-e1647104138691-1024x642.png 1024w, https:\/\/rethinkmaterials.org\/wp-content\/uploads\/2022\/03\/1-e1647104138691-768x481.png 768w, https:\/\/rethinkmaterials.org\/wp-content\/uploads\/2022\/03\/1-e1647104138691-16x10.png 16w, https:\/\/rethinkmaterials.org\/wp-content\/uploads\/2022\/03\/1-e1647104138691.png 1080w\" sizes=\"(max-width: 300px) 100vw, 300px\" \/><\/div>\n\t\t<\/a>\n\t\t\t\t<div class=\"elementor-post__text\">\n\t\t\t\t<h3 class=\"elementor-post__title\">\n\t\t\t<a href=\"https:\/\/rethinkmaterials.org\/de\/eindruecke-vom-workshop-in-zuerich\/\" >\n\t\t\t\tEindr\u00fccke vom Workshop in Z\u00fcrich\t\t\t<\/a>\n\t\t<\/h3>\n\t\t\t\t<div class=\"elementor-post__excerpt\">\n\t\t\t<p>Eindr\u00fccke vom praxisbezogenen Workshop \u201cWiederverwendung von Bauteilen\u201d, welcher das Rethink Materials Kollektiv Mitte Januar in der Stadt Z\u00fcrich durchgef\u00fchrt hat. Es war ein intensiver, vielf\u00e4ltiger und interaktiver Workshop Tag: Nach<\/p>\n\t\t<\/div>\n\t\t\t\t\t<a class=\"elementor-post__read-more\" href=\"https:\/\/rethinkmaterials.org\/de\/eindruecke-vom-workshop-in-zuerich\/\" >\n\t\t\t\t>>\t\t\t<\/a>\n\t\t\t\t<\/div>\n\t\t\t\t<\/article>\n\t\t\t\t<article class=\"elementor-post elementor-grid-item post-1592 post type-post status-publish format-standard has-post-thumbnail hentry category-es-ist-alles-da\">\n\t\t\t\t<a class=\"elementor-post__thumbnail__link\" href=\"https:\/\/rethinkmaterials.org\/de\/wir-suchen-hilf-mit\/\" >\n\t\t\t<div class=\"elementor-post__thumbnail\"><img width=\"300\" height=\"150\" src=\"https:\/\/rethinkmaterials.org\/wp-content\/uploads\/2021\/05\/1-300x150.png\" class=\"attachment-medium size-medium wp-image-1683\" alt=\"\" loading=\"lazy\" srcset=\"https:\/\/rethinkmaterials.org\/wp-content\/uploads\/2021\/05\/1-300x150.png 300w, https:\/\/rethinkmaterials.org\/wp-content\/uploads\/2021\/05\/1-16x8.png 16w, https:\/\/rethinkmaterials.org\/wp-content\/uploads\/2021\/05\/1.png 600w\" sizes=\"(max-width: 300px) 100vw, 300px\" \/><\/div>\n\t\t<\/a>\n\t\t\t\t<div class=\"elementor-post__text\">\n\t\t\t\t<h3 class=\"elementor-post__title\">\n\t\t\t<a href=\"https:\/\/rethinkmaterials.org\/de\/wir-suchen-hilf-mit\/\" >\n\t\t\t\tWir suchen! Hilf mit!\t\t\t<\/a>\n\t\t<\/h3>\n\t\t\t\t<div class=\"elementor-post__excerpt\">\n\t\t\t<p>Auf der Suche nach Umbau-\/ Abbruchprojekten F\u00fcr unser Projekt \u2018Es ist alles da!\u2019, welches sich mit der Wiederverwendung von Bauteilen befasst, sind wir auf der Suche nach Geb\u00e4uden in der<\/p>\n\t\t<\/div>\n\t\t\t\t\t<a class=\"elementor-post__read-more\" href=\"https:\/\/rethinkmaterials.org\/de\/wir-suchen-hilf-mit\/\" >\n\t\t\t\t>>\t\t\t<\/a>\n\t\t\t\t<\/div>\n\t\t\t\t<\/article>\n\t\t\t\t<article class=\"elementor-post elementor-grid-item post-1595 post type-post status-publish format-standard has-post-thumbnail hentry category-es-ist-alles-da\">\n\t\t\t\t<a class=\"elementor-post__thumbnail__link\" href=\"https:\/\/rethinkmaterials.org\/de\/sia-podcast\/\" >\n\t\t\t<div class=\"elementor-post__thumbnail\"><img width=\"300\" height=\"150\" src=\"https:\/\/rethinkmaterials.org\/wp-content\/uploads\/2021\/05\/Featured-Image-Website-300x150.png\" class=\"attachment-medium size-medium wp-image-1609\" alt=\"\" loading=\"lazy\" srcset=\"https:\/\/rethinkmaterials.org\/wp-content\/uploads\/2021\/05\/Featured-Image-Website-300x150.png 300w, https:\/\/rethinkmaterials.org\/wp-content\/uploads\/2021\/05\/Featured-Image-Website-16x8.png 16w, https:\/\/rethinkmaterials.org\/wp-content\/uploads\/2021\/05\/Featured-Image-Website.png 600w\" sizes=\"(max-width: 300px) 100vw, 300px\" \/><\/div>\n\t\t<\/a>\n\t\t\t\t<div class=\"elementor-post__text\">\n\t\t\t\t<h3 class=\"elementor-post__title\">\n\t\t\t<a href=\"https:\/\/rethinkmaterials.org\/de\/sia-podcast\/\" >\n\t\t\t\tZu Gast im SIA-Podcast zur Gespr\u00e4chsrunde \u2018Zirkul\u00e4res Bauen\u2019\t\t\t<\/a>\n\t\t<\/h3>\n\t\t\t\t<div class=\"elementor-post__excerpt\">\n\t\t\t<p>&nbsp; Das Rethink Materials Kollektiv wurde eingeladen an der Pilotfolge der SIA Gespr\u00e4chsrunde \u00fcber zirkul\u00e4res Bauen teilzunehmen. Wir freuen uns sehr, \u00fcber das grosse Interesse der SIA an der Thematik<\/p>\n\t\t<\/div>\n\t\t\t\t\t<a class=\"elementor-post__read-more\" href=\"https:\/\/rethinkmaterials.org\/de\/sia-podcast\/\" >\n\t\t\t\t>>\t\t\t<\/a>\n\t\t\t\t<\/div>\n\t\t\t\t<\/article>\n\t\t\t\t<article class=\"elementor-post elementor-grid-item post-1195 post type-post status-publish format-standard has-post-thumbnail hentry category-es-ist-alles-da\">\n\t\t\t\t<a class=\"elementor-post__thumbnail__link\" href=\"https:\/\/rethinkmaterials.org\/de\/projektpraesentation-im-zaz\/\" >\n\t\t\t<div class=\"elementor-post__thumbnail\"><img width=\"300\" height=\"200\" src=\"https:\/\/rethinkmaterials.org\/wp-content\/uploads\/2021\/03\/Schaffhausen_SC-86-300x200.jpg\" class=\"attachment-medium size-medium wp-image-1138\" alt=\"\" loading=\"lazy\" srcset=\"https:\/\/rethinkmaterials.org\/wp-content\/uploads\/2021\/03\/Schaffhausen_SC-86-300x200.jpg 300w, https:\/\/rethinkmaterials.org\/wp-content\/uploads\/2021\/03\/Schaffhausen_SC-86-1024x683.jpg 1024w, https:\/\/rethinkmaterials.org\/wp-content\/uploads\/2021\/03\/Schaffhausen_SC-86-768x512.jpg 768w, https:\/\/rethinkmaterials.org\/wp-content\/uploads\/2021\/03\/Schaffhausen_SC-86-1536x1024.jpg 1536w, https:\/\/rethinkmaterials.org\/wp-content\/uploads\/2021\/03\/Schaffhausen_SC-86-2048x1365.jpg 2048w, https:\/\/rethinkmaterials.org\/wp-content\/uploads\/2021\/03\/Schaffhausen_SC-86-16x12.jpg 16w\" sizes=\"(max-width: 300px) 100vw, 300px\" \/><\/div>\n\t\t<\/a>\n\t\t\t\t<div class=\"elementor-post__text\">\n\t\t\t\t<h3 class=\"elementor-post__title\">\n\t\t\t<a href=\"https:\/\/rethinkmaterials.org\/de\/projektpraesentation-im-zaz\/\" >\n\t\t\t\tProjektpr\u00e4sentation im ZAZ\t\t\t<\/a>\n\t\t<\/h3>\n\t\t\t\t<div class=\"elementor-post__excerpt\">\n\t\t\t<p>Unser Projekt wird im Zuge der Ausstellung \u00abCritical Care. Architektur f\u00fcr einen Planeten in der Krise\u00bb, im ZAZ &#8211; Zentrum Architektur Z\u00fcrich vom 26. M\u00e4rz 2021 bis 29. August 2021<\/p>\n\t\t<\/div>\n\t\t\t\t\t<a class=\"elementor-post__read-more\" href=\"https:\/\/rethinkmaterials.org\/de\/projektpraesentation-im-zaz\/\" >\n\t\t\t\t>>\t\t\t<\/a>\n\t\t\t\t<\/div>\n\t\t\t\t<\/article>\n\t\t\t\t<\/div>\n\t\t\t\t<\/div>\n\t\t\t\t<\/div>\n\t\t\t\t\t<\/div>\n\t\t<\/div>\n\t\t\t\t\t\t\t<\/div>\n\t\t<\/section>\n\t\t\t\t\t<\/div>\n\t\t<\/div>\n\t\t\t\t\t\t\t<\/div>\n\t\t<\/section>\n\t\t\t\t<section class=\"elementor-section elementor-top-section elementor-element elementor-element-4bb7929 elementor-section-boxed elementor-section-height-default elementor-section-height-default\" data-id=\"4bb7929\" data-element_type=\"section\">\n\t\t\t\t\t\t<div class=\"elementor-container elementor-column-gap-default\">\n\t\t\t\t\t<div class=\"elementor-column elementor-col-100 elementor-top-column elementor-element elementor-element-a4cd7ab\" data-id=\"a4cd7ab\" data-element_type=\"column\">\n\t\t\t<div class=\"elementor-widget-wrap elementor-element-populated\">\n\t\t\t\t\t\t\t\t<div class=\"elementor-element elementor-element-34b7541 elementor-widget elementor-widget-spacer\" data-id=\"34b7541\" data-element_type=\"widget\" data-widget_type=\"spacer.default\">\n\t\t\t\t<div class=\"elementor-widget-container\">\n\t\t\t\t\t<div class=\"elementor-spacer\">\n\t\t\t<div class=\"elementor-spacer-inner\"><\/div>\n\t\t<\/div>\n\t\t\t\t<\/div>\n\t\t\t\t<\/div>\n\t\t\t\t\t<\/div>\n\t\t<\/div>\n\t\t\t\t\t\t\t<\/div>\n\t\t<\/section>\n\t\t\t\t<section class=\"elementor-section elementor-top-section elementor-element elementor-element-cadfb05 elementor-section-boxed elementor-section-height-default elementor-section-height-default\" data-id=\"cadfb05\" data-element_type=\"section\">\n\t\t\t\t\t\t<div class=\"elementor-container elementor-column-gap-default\">\n\t\t\t\t\t<div class=\"elementor-column elementor-col-100 elementor-top-column elementor-element elementor-element-09e4412\" data-id=\"09e4412\" data-element_type=\"column\">\n\t\t\t<div class=\"elementor-widget-wrap elementor-element-populated\">\n\t\t\t\t\t\t\t\t<div class=\"elementor-element elementor-element-ed39a23 elementor-widget elementor-widget-template\" data-id=\"ed39a23\" data-element_type=\"widget\" data-widget_type=\"template.default\">\n\t\t\t\t<div class=\"elementor-widget-container\">\n\t\t\t\t\t<div class=\"elementor-template\">\n\t\t\t\t\t<div data-elementor-type=\"section\" data-elementor-id=\"1313\" class=\"elementor elementor-1313\">\n\t\t<div class=\"elementor-section-wrap\">\n\t\t\t\t\t<section class=\"elementor-section elementor-top-section elementor-element elementor-element-388ad307 elementor-section-boxed elementor-section-height-default elementor-section-height-default\" data-id=\"388ad307\" data-element_type=\"section\">\n\t\t\t\t\t\t<div class=\"elementor-container elementor-column-gap-default\">\n\t\t\t\t\t<div class=\"elementor-column elementor-col-33 elementor-top-column elementor-element elementor-element-195616b2\" data-id=\"195616b2\" data-element_type=\"column\">\n\t\t\t<div class=\"elementor-widget-wrap elementor-element-populated\">\n\t\t\t\t\t\t\t\t<div class=\"elementor-element elementor-element-7ef78076 elementor-widget elementor-widget-image\" data-id=\"7ef78076\" data-element_type=\"widget\" data-widget_type=\"image.default\">\n\t\t\t\t<div class=\"elementor-widget-container\">\n\t\t\t\t\t\t\t\t\t\t\t\t\t\t\t\t<a href=\"https:\/\/prohelvetia.ch\/en\/\">\n\t\t\t\t\t\t\t<img width=\"841\" height=\"241\" src=\"https:\/\/rethinkmaterials.org\/wp-content\/uploads\/2021\/02\/logo_magenta_en.jpg\" class=\"attachment-full size-full wp-image-538\" alt=\"\" loading=\"lazy\" srcset=\"https:\/\/rethinkmaterials.org\/wp-content\/uploads\/2021\/02\/logo_magenta_en.jpg 841w, https:\/\/rethinkmaterials.org\/wp-content\/uploads\/2021\/02\/logo_magenta_en-300x86.jpg 300w, https:\/\/rethinkmaterials.org\/wp-content\/uploads\/2021\/02\/logo_magenta_en-768x220.jpg 768w, https:\/\/rethinkmaterials.org\/wp-content\/uploads\/2021\/02\/logo_magenta_en-16x5.jpg 16w\" sizes=\"(max-width: 841px) 100vw, 841px\" \/>\t\t\t\t\t\t\t\t<\/a>\n\t\t\t\t\t\t\t\t\t\t\t\t\t\t\t<\/div>\n\t\t\t\t<\/div>\n\t\t\t\t\t<\/div>\n\t\t<\/div>\n\t\t\t\t<div class=\"elementor-column elementor-col-33 elementor-top-column elementor-element elementor-element-6f23459d\" data-id=\"6f23459d\" data-element_type=\"column\">\n\t\t\t<div class=\"elementor-widget-wrap elementor-element-populated\">\n\t\t\t\t\t\t\t\t<div class=\"elementor-element elementor-element-e95f23f elementor-widget elementor-widget-text-editor\" data-id=\"e95f23f\" data-element_type=\"widget\" data-widget_type=\"text-editor.default\">\n\t\t\t\t<div class=\"elementor-widget-container\">\n\t\t\t\t\t\t\t<p>Unser Projekt Es ist alles da! wird im Rahmen des Programmes <a href=\"https:\/\/prohelvetia.ch\/en\/press-release\/architecture-matters\/\">Architecture Matters<\/a> von der Stiftung pro helvetia unterst\u00fctzt.<\/p><p>&gt;&gt; zu all unseren <a href=\"https:\/\/rethinkmaterials.org\/partner\/\">Partner:innen, Suporter:innen und Sponsor:innen<\/a><\/p>\t\t\t\t\t\t<\/div>\n\t\t\t\t<\/div>\n\t\t\t\t\t<\/div>\n\t\t<\/div>\n\t\t\t\t<div class=\"elementor-column elementor-col-33 elementor-top-column elementor-element elementor-element-1e286ff6 elementor-hidden-tablet elementor-hidden-phone\" data-id=\"1e286ff6\" data-element_type=\"column\">\n\t\t\t<div class=\"elementor-widget-wrap\">\n\t\t\t\t\t\t\t\t\t<\/div>\n\t\t<\/div>\n\t\t\t\t\t\t\t<\/div>\n\t\t<\/section>\n\t\t\t\t<\/div>\n\t\t<\/div>\n\t\t\t\t<\/div>\n\t\t\t\t<\/div>\n\t\t\t\t<\/div>\n\t\t\t\t\t<\/div>\n\t\t<\/div>\n\t\t\t\t\t\t\t<\/div>\n\t\t<\/section>\n\t\t\t\t\t\t\t<\/div>\n\t\t","protected":false},"excerpt":{"rendered":"<p>Es ist alles da! Interaktives Vermittlungskonzept f\u00fcr das Potential und die Bedeutung der Wiederverwendung von Bauteilen. 2022 in der schweiz! Mithilfe eines interaktiven Vermittlungskonzepts soll das Interesse f\u00fcr die Wiederverwendung [&hellip;]<\/p>\n","protected":false},"author":1,"featured_media":0,"parent":0,"menu_order":0,"comment_status":"closed","ping_status":"closed","template":"","meta":[],"_links":{"self":[{"href":"https:\/\/rethinkmaterials.org\/de\/wp-json\/wp\/v2\/pages\/12"}],"collection":[{"href":"https:\/\/rethinkmaterials.org\/de\/wp-json\/wp\/v2\/pages"}],"about":[{"href":"https:\/\/rethinkmaterials.org\/de\/wp-json\/wp\/v2\/types\/page"}],"author":[{"embeddable":true,"href":"https:\/\/rethinkmaterials.org\/de\/wp-json\/wp\/v2\/users\/1"}],"replies":[{"embeddable":true,"href":"https:\/\/rethinkmaterials.org\/de\/wp-json\/wp\/v2\/comments?post=12"}],"version-history":[{"count":104,"href":"https:\/\/rethinkmaterials.org\/de\/wp-json\/wp\/v2\/pages\/12\/revisions"}],"predecessor-version":[{"id":1728,"href":"https:\/\/rethinkmaterials.org\/de\/wp-json\/wp\/v2\/pages\/12\/revisions\/1728"}],"wp:attachment":[{"href":"https:\/\/rethinkmaterials.org\/de\/wp-json\/wp\/v2\/media?parent=12"}],"curies":[{"name":"wp","href":"https:\/\/api.w.org\/{rel}","templated":true}]}}