{"id":1616,"date":"2021-05-06T12:59:33","date_gmt":"2021-05-06T11:59:33","guid":{"rendered":"https:\/\/rethinkmaterials.org\/?page_id=1616"},"modified":"2021-05-11T20:43:18","modified_gmt":"2021-05-11T19:43:18","slug":"partner","status":"publish","type":"page","link":"https:\/\/rethinkmaterials.org\/de\/partner\/","title":{"rendered":"Partner"},"content":{"rendered":"\t\t<div data-elementor-type=\"wp-page\" data-elementor-id=\"1616\" class=\"elementor elementor-1616\">\n\t\t\t\t\t\t\t\t\t<section class=\"elementor-section elementor-top-section elementor-element elementor-element-8fdad3a elementor-section-boxed elementor-section-height-default elementor-section-height-default\" data-id=\"8fdad3a\" data-element_type=\"section\">\n\t\t\t\t\t\t<div class=\"elementor-container elementor-column-gap-default\">\n\t\t\t\t\t<div class=\"elementor-column elementor-col-100 elementor-top-column elementor-element elementor-element-d30a7c9\" data-id=\"d30a7c9\" data-element_type=\"column\">\n\t\t\t<div class=\"elementor-widget-wrap elementor-element-populated\">\n\t\t\t\t\t\t\t\t<section class=\"elementor-section elementor-inner-section elementor-element elementor-element-834e880 elementor-section-boxed elementor-section-height-default elementor-section-height-default\" data-id=\"834e880\" data-element_type=\"section\">\n\t\t\t\t\t\t<div class=\"elementor-container elementor-column-gap-default\">\n\t\t\t\t\t<div class=\"elementor-column elementor-col-100 elementor-inner-column elementor-element elementor-element-2e4b0a3\" data-id=\"2e4b0a3\" data-element_type=\"column\">\n\t\t\t<div class=\"elementor-widget-wrap elementor-element-populated\">\n\t\t\t\t\t\t\t\t<div class=\"elementor-element elementor-element-c130268 elementor-widget elementor-widget-heading\" data-id=\"c130268\" data-element_type=\"widget\" data-widget_type=\"heading.default\">\n\t\t\t\t<div class=\"elementor-widget-container\">\n\t\t\t<h1 class=\"elementor-heading-title elementor-size-xxl\">Es ist alles da!<\/h1>\t\t<\/div>\n\t\t\t\t<\/div>\n\t\t\t\t<div class=\"elementor-element elementor-element-f601104 elementor-widget elementor-widget-heading\" data-id=\"f601104\" data-element_type=\"widget\" data-widget_type=\"heading.default\">\n\t\t\t\t<div class=\"elementor-widget-container\">\n\t\t\t<h2 class=\"elementor-heading-title elementor-size-default\">Interaktives Vermittlungskonzept f\u00fcr das Potential und die Bedeutung der Wiederverwendung von Bauteilen.<\/h2>\t\t<\/div>\n\t\t\t\t<\/div>\n\t\t\t\t\t<\/div>\n\t\t<\/div>\n\t\t\t\t<div class=\"elementor-column elementor-col-100 elementor-inner-column elementor-element elementor-element-a72c3c1\" data-id=\"a72c3c1\" data-element_type=\"column\">\n\t\t\t<div class=\"elementor-widget-wrap elementor-element-populated\">\n\t\t\t\t\t\t\t\t<div class=\"elementor-element elementor-element-a2f3864 elementor-widget elementor-widget-text-editor\" data-id=\"a2f3864\" data-element_type=\"widget\" data-widget_type=\"text-editor.default\">\n\t\t\t\t<div class=\"elementor-widget-container\">\n\t\t\t\t\t\t\t<p>F\u00fcr unser Projekt<a href=\"https:\/\/rethinkmaterials.org\/\"> ,Es ist alles da!&#8216;<\/a> arbeiten wir mit folgenden Organisationen, Firmen und Personen zusammen.<\/p><p><strong>Unsere Partner<\/strong> unterst\u00fctzen uns inhaltlich. Mit ihnen sind wir in der Sache verbunden und arbeiten zusammen an denselben Ideen.<\/p><p><strong>Unsere Supporter<\/strong> leisten einen wesentlichen Beitrag zum Gelingen unseres Projekts z.B. durch finanzielle F\u00f6rderung.<\/p><p><strong>Unsere Sponsoren<\/strong> unterst\u00fctzen unsere Arbeit mit Beitr\u00e4gen materieller oder immaterieller Art.<\/p>\t\t\t\t\t\t<\/div>\n\t\t\t\t<\/div>\n\t\t\t\t\t<\/div>\n\t\t<\/div>\n\t\t\t\t\t\t\t<\/div>\n\t\t<\/section>\n\t\t\t\t<section class=\"elementor-section elementor-inner-section elementor-element elementor-element-5b854f2 elementor-section-boxed elementor-section-height-default elementor-section-height-default\" data-id=\"5b854f2\" data-element_type=\"section\">\n\t\t\t\t\t\t<div class=\"elementor-container elementor-column-gap-default\">\n\t\t\t\t\t\t\t\t<\/div>\n\t\t<\/section>\n\t\t\t\t\t<\/div>\n\t\t<\/div>\n\t\t\t\t\t\t\t<\/div>\n\t\t<\/section>\n\t\t\t\t<section class=\"elementor-section elementor-top-section elementor-element elementor-element-12f2294 elementor-section-boxed elementor-section-height-default elementor-section-height-default\" data-id=\"12f2294\" data-element_type=\"section\">\n\t\t\t\t\t\t<div class=\"elementor-container elementor-column-gap-default\">\n\t\t\t\t\t<div class=\"elementor-column elementor-col-50 elementor-top-column elementor-element elementor-element-d961547\" data-id=\"d961547\" data-element_type=\"column\">\n\t\t\t<div class=\"elementor-widget-wrap elementor-element-populated\">\n\t\t\t\t\t\t\t\t<div class=\"elementor-element elementor-element-a892017 elementor-widget elementor-widget-heading\" data-id=\"a892017\" data-element_type=\"widget\" data-widget_type=\"heading.default\">\n\t\t\t\t<div class=\"elementor-widget-container\">\n\t\t\t<h2 class=\"elementor-heading-title elementor-size-default\">Unsere Partner:innen<\/h2>\t\t<\/div>\n\t\t\t\t<\/div>\n\t\t\t\t\t<\/div>\n\t\t<\/div>\n\t\t\t\t<div class=\"elementor-column elementor-col-50 elementor-top-column elementor-element elementor-element-5133abc\" data-id=\"5133abc\" data-element_type=\"column\">\n\t\t\t<div class=\"elementor-widget-wrap elementor-element-populated\">\n\t\t\t\t\t\t\t\t<div class=\"elementor-element elementor-element-2a74a17 elementor-widget elementor-widget-spacer\" data-id=\"2a74a17\" data-element_type=\"widget\" data-widget_type=\"spacer.default\">\n\t\t\t\t<div class=\"elementor-widget-container\">\n\t\t\t\t\t<div class=\"elementor-spacer\">\n\t\t\t<div class=\"elementor-spacer-inner\"><\/div>\n\t\t<\/div>\n\t\t\t\t<\/div>\n\t\t\t\t<\/div>\n\t\t\t\t<div class=\"elementor-element elementor-element-0e516d5 elementor-widget elementor-widget-text-editor\" data-id=\"0e516d5\" data-element_type=\"widget\" data-widget_type=\"text-editor.default\">\n\t\t\t\t<div class=\"elementor-widget-container\">\n\t\t\t\t\t\t\t<p>Aktuell sind wir mit verschiedenen Personen im Gespr\u00e4ch \u00fcber eine Projektpartnerschaft. Diese werden hier ver\u00f6ffentlicht sobald die Zusammenarbeit steht.<\/p>\t\t\t\t\t\t<\/div>\n\t\t\t\t<\/div>\n\t\t\t\t<div class=\"elementor-element elementor-element-e703b4b animated-slow elementor-grid-3 elementor-grid-tablet-2 elementor-grid-mobile-1 elementor-posts--thumbnail-top elementor-widget elementor-widget-posts\" data-id=\"e703b4b\" data-element_type=\"widget\" data-settings=\"{&quot;_animation&quot;:&quot;none&quot;,&quot;classic_masonry&quot;:&quot;yes&quot;,&quot;classic_columns&quot;:&quot;3&quot;,&quot;classic_columns_tablet&quot;:&quot;2&quot;,&quot;classic_columns_mobile&quot;:&quot;1&quot;,&quot;classic_row_gap&quot;:{&quot;unit&quot;:&quot;px&quot;,&quot;size&quot;:35,&quot;sizes&quot;:[]}}\" data-widget_type=\"posts.classic\">\n\t\t\t\t<div class=\"elementor-widget-container\">\n\t\t\t\t\t<div class=\"elementor-posts-container elementor-posts elementor-posts--skin-classic elementor-grid\">\n\t\t\t\t<article class=\"elementor-post elementor-grid-item post-1700 post type-post status-publish format-standard has-post-thumbnail hentry category-partner category-es-ist-alles-da-projektpartner\">\n\t\t\t\t<a class=\"elementor-post__thumbnail__link\" href=\"https:\/\/rethinkmaterials.org\/de\/syphon\/\" >\n\t\t\t<div class=\"elementor-post__thumbnail\"><img width=\"777\" height=\"162\" src=\"https:\/\/rethinkmaterials.org\/wp-content\/uploads\/2021\/08\/syphon_logo.jpg\" class=\"attachment-full size-full wp-image-1702\" alt=\"\" loading=\"lazy\" srcset=\"https:\/\/rethinkmaterials.org\/wp-content\/uploads\/2021\/08\/syphon_logo.jpg 777w, https:\/\/rethinkmaterials.org\/wp-content\/uploads\/2021\/08\/syphon_logo-300x63.jpg 300w, https:\/\/rethinkmaterials.org\/wp-content\/uploads\/2021\/08\/syphon_logo-768x160.jpg 768w, https:\/\/rethinkmaterials.org\/wp-content\/uploads\/2021\/08\/syphon_logo-16x3.jpg 16w\" sizes=\"(max-width: 777px) 100vw, 777px\" \/><\/div>\n\t\t<\/a>\n\t\t\t\t<div class=\"elementor-post__text\">\n\t\t\t\t<div class=\"elementor-post__excerpt\">\n\t\t\t<p>Syphon baut seit \u00fcber zehn Jahren Bauteile aus und bringt sie zur\u00fcck in den Kreislauf. &nbsp; &nbsp;<\/p>\n\t\t<\/div>\n\t\t\t\t\t<a class=\"elementor-post__read-more\" href=\"https:\/\/rethinkmaterials.org\/de\/syphon\/\" >\n\t\t\t\t>>\t\t\t<\/a>\n\t\t\t\t<\/div>\n\t\t\t\t<\/article>\n\t\t\t\t<\/div>\n\t\t\t\t<\/div>\n\t\t\t\t<\/div>\n\t\t\t\t\t<\/div>\n\t\t<\/div>\n\t\t\t\t\t\t\t<\/div>\n\t\t<\/section>\n\t\t\t\t<section class=\"elementor-section elementor-top-section elementor-element elementor-element-6560df9 elementor-section-boxed elementor-section-height-default elementor-section-height-default\" data-id=\"6560df9\" data-element_type=\"section\">\n\t\t\t\t\t\t<div class=\"elementor-container elementor-column-gap-default\">\n\t\t\t\t\t<div class=\"elementor-column elementor-col-50 elementor-top-column elementor-element elementor-element-729757e\" data-id=\"729757e\" data-element_type=\"column\">\n\t\t\t<div class=\"elementor-widget-wrap elementor-element-populated\">\n\t\t\t\t\t\t\t\t<div class=\"elementor-element elementor-element-e26cf02 elementor-widget elementor-widget-heading\" data-id=\"e26cf02\" data-element_type=\"widget\" data-widget_type=\"heading.default\">\n\t\t\t\t<div class=\"elementor-widget-container\">\n\t\t\t<h2 class=\"elementor-heading-title elementor-size-default\">Unsere supporter:innen<\/h2>\t\t<\/div>\n\t\t\t\t<\/div>\n\t\t\t\t\t<\/div>\n\t\t<\/div>\n\t\t\t\t<div class=\"elementor-column elementor-col-50 elementor-top-column elementor-element elementor-element-799076a\" data-id=\"799076a\" data-element_type=\"column\">\n\t\t\t<div class=\"elementor-widget-wrap elementor-element-populated\">\n\t\t\t\t\t\t\t\t<div class=\"elementor-element elementor-element-4bef53c elementor-widget elementor-widget-spacer\" data-id=\"4bef53c\" data-element_type=\"widget\" data-widget_type=\"spacer.default\">\n\t\t\t\t<div class=\"elementor-widget-container\">\n\t\t\t\t\t<div class=\"elementor-spacer\">\n\t\t\t<div class=\"elementor-spacer-inner\"><\/div>\n\t\t<\/div>\n\t\t\t\t<\/div>\n\t\t\t\t<\/div>\n\t\t\t\t<div class=\"elementor-element elementor-element-8452e97 animated-slow elementor-grid-3 elementor-grid-tablet-2 elementor-grid-mobile-1 elementor-posts--thumbnail-top elementor-widget elementor-widget-posts\" data-id=\"8452e97\" data-element_type=\"widget\" data-settings=\"{&quot;_animation&quot;:&quot;none&quot;,&quot;classic_masonry&quot;:&quot;yes&quot;,&quot;classic_columns&quot;:&quot;3&quot;,&quot;classic_columns_tablet&quot;:&quot;2&quot;,&quot;classic_columns_mobile&quot;:&quot;1&quot;,&quot;classic_row_gap&quot;:{&quot;unit&quot;:&quot;px&quot;,&quot;size&quot;:35,&quot;sizes&quot;:[]}}\" data-widget_type=\"posts.classic\">\n\t\t\t\t<div class=\"elementor-widget-container\">\n\t\t\t\t\t<div class=\"elementor-posts-container elementor-posts elementor-posts--skin-classic elementor-grid\">\n\t\t\t\t<article class=\"elementor-post elementor-grid-item post-1631 post type-post status-publish format-standard has-post-thumbnail hentry category-partner category-es-ist-alles-da-projektsupporter\">\n\t\t\t\t<a class=\"elementor-post__thumbnail__link\" href=\"https:\/\/rethinkmaterials.org\/de\/pro-helvetia\/\" >\n\t\t\t<div class=\"elementor-post__thumbnail\"><img width=\"841\" height=\"241\" src=\"https:\/\/rethinkmaterials.org\/wp-content\/uploads\/2021\/02\/logo_magenta_en.jpg\" class=\"attachment-full size-full wp-image-538\" alt=\"\" loading=\"lazy\" srcset=\"https:\/\/rethinkmaterials.org\/wp-content\/uploads\/2021\/02\/logo_magenta_en.jpg 841w, https:\/\/rethinkmaterials.org\/wp-content\/uploads\/2021\/02\/logo_magenta_en-300x86.jpg 300w, https:\/\/rethinkmaterials.org\/wp-content\/uploads\/2021\/02\/logo_magenta_en-768x220.jpg 768w, https:\/\/rethinkmaterials.org\/wp-content\/uploads\/2021\/02\/logo_magenta_en-16x5.jpg 16w\" sizes=\"(max-width: 841px) 100vw, 841px\" \/><\/div>\n\t\t<\/a>\n\t\t\t\t<div class=\"elementor-post__text\">\n\t\t\t\t<div class=\"elementor-post__excerpt\">\n\t\t\t<p>Unser Projekt ,Es ist alles da!&#8216; wird im Rahmen des Programmes Architecture Matters von der Stiftung pro helvetia unterst\u00fctzt. &nbsp; &nbsp;<\/p>\n\t\t<\/div>\n\t\t\t\t\t<a class=\"elementor-post__read-more\" href=\"https:\/\/rethinkmaterials.org\/de\/pro-helvetia\/\" >\n\t\t\t\t>>\t\t\t<\/a>\n\t\t\t\t<\/div>\n\t\t\t\t<\/article>\n\t\t\t\t<\/div>\n\t\t\t\t<\/div>\n\t\t\t\t<\/div>\n\t\t\t\t\t<\/div>\n\t\t<\/div>\n\t\t\t\t\t\t\t<\/div>\n\t\t<\/section>\n\t\t\t\t<section class=\"elementor-section elementor-top-section elementor-element elementor-element-0adea56 elementor-section-boxed elementor-section-height-default elementor-section-height-default\" data-id=\"0adea56\" data-element_type=\"section\">\n\t\t\t\t\t\t<div class=\"elementor-container elementor-column-gap-default\">\n\t\t\t\t\t<div class=\"elementor-column elementor-col-50 elementor-top-column elementor-element elementor-element-fd18203\" data-id=\"fd18203\" data-element_type=\"column\">\n\t\t\t<div class=\"elementor-widget-wrap elementor-element-populated\">\n\t\t\t\t\t\t\t\t<div class=\"elementor-element elementor-element-4292efc elementor-widget elementor-widget-heading\" data-id=\"4292efc\" data-element_type=\"widget\" data-widget_type=\"heading.default\">\n\t\t\t\t<div class=\"elementor-widget-container\">\n\t\t\t<h2 class=\"elementor-heading-title elementor-size-default\">Unsere sponsor:innen<\/h2>\t\t<\/div>\n\t\t\t\t<\/div>\n\t\t\t\t\t<\/div>\n\t\t<\/div>\n\t\t\t\t<div class=\"elementor-column elementor-col-50 elementor-top-column elementor-element elementor-element-2b0c131\" data-id=\"2b0c131\" data-element_type=\"column\">\n\t\t\t<div class=\"elementor-widget-wrap elementor-element-populated\">\n\t\t\t\t\t\t\t\t<div class=\"elementor-element elementor-element-3aad191 elementor-widget elementor-widget-spacer\" data-id=\"3aad191\" data-element_type=\"widget\" data-widget_type=\"spacer.default\">\n\t\t\t\t<div class=\"elementor-widget-container\">\n\t\t\t\t\t<div class=\"elementor-spacer\">\n\t\t\t<div class=\"elementor-spacer-inner\"><\/div>\n\t\t<\/div>\n\t\t\t\t<\/div>\n\t\t\t\t<\/div>\n\t\t\t\t<div class=\"elementor-element elementor-element-f7714e5 animated-slow elementor-grid-3 elementor-grid-tablet-2 elementor-grid-mobile-1 elementor-posts--thumbnail-top elementor-widget elementor-widget-posts\" data-id=\"f7714e5\" data-element_type=\"widget\" data-settings=\"{&quot;_animation&quot;:&quot;none&quot;,&quot;classic_masonry&quot;:&quot;yes&quot;,&quot;classic_columns&quot;:&quot;3&quot;,&quot;classic_columns_tablet&quot;:&quot;2&quot;,&quot;classic_columns_mobile&quot;:&quot;1&quot;,&quot;classic_row_gap&quot;:{&quot;unit&quot;:&quot;px&quot;,&quot;size&quot;:35,&quot;sizes&quot;:[]}}\" data-widget_type=\"posts.classic\">\n\t\t\t\t<div class=\"elementor-widget-container\">\n\t\t\t\t\t<div class=\"elementor-posts-container elementor-posts elementor-posts--skin-classic elementor-grid\">\n\t\t\t\t<article class=\"elementor-post elementor-grid-item post-1617 post type-post status-publish format-standard has-post-thumbnail hentry category-partner category-es-ist-alles-da-projektsponsor\">\n\t\t\t\t<a class=\"elementor-post__thumbnail__link\" href=\"https:\/\/rethinkmaterials.org\/de\/sponsor-bindexis\/\" >\n\t\t\t<div class=\"elementor-post__thumbnail\"><img width=\"280\" height=\"102\" src=\"https:\/\/rethinkmaterials.org\/wp-content\/uploads\/2021\/04\/3gkfau67.bmp\" class=\"attachment-full size-full wp-image-1589\" alt=\"\" loading=\"lazy\" srcset=\"https:\/\/rethinkmaterials.org\/wp-content\/uploads\/2021\/04\/3gkfau67.bmp 280w, https:\/\/rethinkmaterials.org\/wp-content\/uploads\/2021\/04\/3gkfau67-16x6.jpg 16w\" sizes=\"(max-width: 280px) 100vw, 280px\" \/><\/div>\n\t\t<\/a>\n\t\t\t\t<div class=\"elementor-post__text\">\n\t\t\t\t<div class=\"elementor-post__excerpt\">\n\t\t\t<p>Zur Unterst\u00fctzung f\u00fcr die Suche nach geeigneten Abbruch- und Umbauobjekte f\u00fcr die Wiederverwendung von Baumaterialien gew\u00e4hrt uns Bindexis im Rahmen des Projekts \u2018Es ist alles da!\u2019 freien Zugriff auf ihre Datenbank, in der aktuelle Bauprojekte gelistet werden. &nbsp; &nbsp;<\/p>\n\t\t<\/div>\n\t\t\t\t\t<a class=\"elementor-post__read-more\" href=\"https:\/\/rethinkmaterials.org\/de\/sponsor-bindexis\/\" >\n\t\t\t\t>>\t\t\t<\/a>\n\t\t\t\t<\/div>\n\t\t\t\t<\/article>\n\t\t\t\t<\/div>\n\t\t\t\t<\/div>\n\t\t\t\t<\/div>\n\t\t\t\t\t<\/div>\n\t\t<\/div>\n\t\t\t\t\t\t\t<\/div>\n\t\t<\/section>\n\t\t\t\t\t\t\t<\/div>\n\t\t","protected":false},"excerpt":{"rendered":"<p>Es ist alles da! Interaktives Vermittlungskonzept f\u00fcr das Potential und die Bedeutung der Wiederverwendung von Bauteilen. F\u00fcr unser Projekt ,Es ist alles da!&#8216; arbeiten wir mit folgenden Organisationen, Firmen und [&hellip;]<\/p>\n","protected":false},"author":1,"featured_media":0,"parent":0,"menu_order":0,"comment_status":"closed","ping_status":"closed","template":"","meta":[],"_links":{"self":[{"href":"https:\/\/rethinkmaterials.org\/de\/wp-json\/wp\/v2\/pages\/1616"}],"collection":[{"href":"https:\/\/rethinkmaterials.org\/de\/wp-json\/wp\/v2\/pages"}],"about":[{"href":"https:\/\/rethinkmaterials.org\/de\/wp-json\/wp\/v2\/types\/page"}],"author":[{"embeddable":true,"href":"https:\/\/rethinkmaterials.org\/de\/wp-json\/wp\/v2\/users\/1"}],"replies":[{"embeddable":true,"href":"https:\/\/rethinkmaterials.org\/de\/wp-json\/wp\/v2\/comments?post=1616"}],"version-history":[{"count":57,"href":"https:\/\/rethinkmaterials.org\/de\/wp-json\/wp\/v2\/pages\/1616\/revisions"}],"predecessor-version":[{"id":1695,"href":"https:\/\/rethinkmaterials.org\/de\/wp-json\/wp\/v2\/pages\/1616\/revisions\/1695"}],"wp:attachment":[{"href":"https:\/\/rethinkmaterials.org\/de\/wp-json\/wp\/v2\/media?parent=1616"}],"curies":[{"name":"wp","href":"https:\/\/api.w.org\/{rel}","templated":true}]}}